{"id":779,"date":"2025-08-14T14:11:23","date_gmt":"2025-08-14T18:11:23","guid":{"rendered":"https:\/\/ariesbeautystore.com\/?post_type=product&#038;p=779"},"modified":"2026-03-24T20:12:51","modified_gmt":"2026-03-25T00:12:51","slug":"acondicionador-aries-beauty","status":"publish","type":"product","link":"https:\/\/ariesbeautystore.com\/es\/producto\/acondicionador-aries-beauty\/","title":{"rendered":"Acondicionador Aries Beauty"},"content":{"rendered":"<p>MODO DE EMPLEO: Usar despu\u00e9s de lavar el cabello con el Champ\u00fa Hidrataci\u00f3n, Brillo y Suavidad Aries. Aplicar desde la mitad del cabello hasta las puntas y enjuagar bien con agua.<\/p>\n<p>PRECAUCI\u00d3N: Solo para uso externo. Mantener fuera del alcance de los ni\u00f1os. Proteger de la luz solar directa. Conservar a temperatura ambiente. Evitar el contacto con los ojos. En caso de contacto, enjuagar con abundante agua. Para obtener mejores resultados, usar con el champ\u00fa Aries Hidrataci\u00f3n, Brillo y Suavidad. Si presenta una reacci\u00f3n al\u00e9rgica a alguno de los ingredientes, no lo use. Lea la informaci\u00f3n sobre los ingredientes antes de usar.<\/p>\n<p>INGREDIENTS: watter, coco lauro, succinate, cocoamphoacetate, coco cocobetaine, DEA, coco glucosides, quaternized, polymers, horsetail extract, biotin, rosemary, PQ-10, PH regulator, paraben-free preservative, pepermint oil, apearmint extract, infusion of 10 extracts, fragance and colorant.<\/p>\n<p>FABRICADO POR ARIES BEAUTY INC. HECHO EN EE. UU. DISTRIBUIDO POR ARIES BEAUTY INC. EE. UU. RI 02904<\/p>","protected":false},"excerpt":{"rendered":"<p>Es un acondicionador para el cabello s\u00faper espeso que brinda suavidad, brillo, hidrataci\u00f3n, ayuda a reducir el frizz, promueve el crecimiento fortaleciendo los fol\u00edculos pilosos, reduciendo la ca\u00edda del cabello, mejorando la circulaci\u00f3n en el cuero cabelludo y eliminando la caspa para un cabello m\u00e1s fuerte y saludable para todo tipo de cabello.<\/p>","protected":false},"featured_media":3396,"template":"","meta":[],"product_brand":[],"product_cat":[82],"product_tag":[],"class_list":{"0":"post-779","1":"product","2":"type-product","3":"status-publish","4":"has-post-thumbnail","6":"product_cat-conditioner","7":"product_shipping_class-acondicionador-liviano","9":"first","10":"instock","11":"taxable","12":"shipping-taxable","13":"purchasable","14":"product-type-simple"},"jetpack_sharing_enabled":true,"_links":{"self":[{"href":"https:\/\/ariesbeautystore.com\/es\/wp-json\/wp\/v2\/product\/779","targetHints":{"allow":["GET"]}}],"collection":[{"href":"https:\/\/ariesbeautystore.com\/es\/wp-json\/wp\/v2\/product"}],"about":[{"href":"https:\/\/ariesbeautystore.com\/es\/wp-json\/wp\/v2\/types\/product"}],"wp:featuredmedia":[{"embeddable":true,"href":"https:\/\/ariesbeautystore.com\/es\/wp-json\/wp\/v2\/media\/3396"}],"wp:attachment":[{"href":"https:\/\/ariesbeautystore.com\/es\/wp-json\/wp\/v2\/media?parent=779"}],"wp:term":[{"taxonomy":"product_brand","embeddable":true,"href":"https:\/\/ariesbeautystore.com\/es\/wp-json\/wp\/v2\/product_brand?post=779"},{"taxonomy":"product_cat","embeddable":true,"href":"https:\/\/ariesbeautystore.com\/es\/wp-json\/wp\/v2\/product_cat?post=779"},{"taxonomy":"product_tag","embeddable":true,"href":"https:\/\/ariesbeautystore.com\/es\/wp-json\/wp\/v2\/product_tag?post=779"}],"curies":[{"name":"wp","href":"https:\/\/api.w.org\/{rel}","templated":true}]}}