{"id":3296,"date":"2025-11-19T18:01:48","date_gmt":"2025-11-19T23:01:48","guid":{"rendered":"https:\/\/ariesbeautystore.com\/?page_id=3296"},"modified":"2025-11-19T18:06:04","modified_gmt":"2025-11-19T23:06:04","slug":"terms-and-conditions","status":"publish","type":"page","link":"https:\/\/ariesbeautystore.com\/es\/terms-and-conditions\/","title":{"rendered":"T\u00e9rminos y condiciones"},"content":{"rendered":"<div data-elementor-type=\"wp-page\" data-elementor-id=\"3296\" class=\"elementor elementor-3296\" data-elementor-post-type=\"page\">\n\t\t\t\t<div class=\"elementor-element elementor-element-2bc69f2 e-flex e-con-boxed e-con e-parent\" data-id=\"2bc69f2\" data-element_type=\"container\" data-e-type=\"container\">\n\t\t\t\t\t<div class=\"e-con-inner\">\n\t\t\t\t<div class=\"elementor-element elementor-element-262a18c elementor-widget elementor-widget-heading\" data-id=\"262a18c\" data-element_type=\"widget\" data-e-type=\"widget\" data-widget_type=\"heading.default\">\n\t\t\t\t\t<h2 class=\"elementor-heading-title elementor-size-default\">Pol\u00edtica de env\u00edos y devoluciones<\/h2>\t\t\t\t<\/div>\n\t\t\t\t\t<\/div>\n\t\t\t\t<\/div>\n\t\t<div class=\"elementor-element elementor-element-8525cd5 e-flex e-con-boxed e-con e-parent\" data-id=\"8525cd5\" data-element_type=\"container\" data-e-type=\"container\">\n\t\t\t\t\t<div class=\"e-con-inner\">\n\t\t\t\t<div class=\"elementor-element elementor-element-a12488b elementor-widget elementor-widget-heading\" data-id=\"a12488b\" data-element_type=\"widget\" data-e-type=\"widget\" data-widget_type=\"heading.default\">\n\t\t\t\t\t<h2 class=\"elementor-heading-title elementor-size-default\">Env\u00edo:\n<\/h2>\t\t\t\t<\/div>\n\t\t\t\t\t<\/div>\n\t\t\t\t<\/div>\n\t\t<div class=\"elementor-element elementor-element-9d555a7 e-flex e-con-boxed e-con e-parent\" data-id=\"9d555a7\" data-element_type=\"container\" data-e-type=\"container\">\n\t\t\t\t\t<div class=\"e-con-inner\">\n\t\t\t\t<div class=\"elementor-element elementor-element-5c537b2 elementor-widget elementor-widget-text-editor\" data-id=\"5c537b2\" data-element_type=\"widget\" data-e-type=\"widget\" data-widget_type=\"text-editor.default\">\n\t\t\t\t\t\t\t\t\t<p class=\"translation-block\">Aries Beauty realiza env\u00edos a todo Estados Unidos. Los costos de env\u00edo se calculan seg\u00fan los art\u00edculos seleccionados y la direcci\u00f3n postal del destinatario. Utilizamos USPS y UPS como transportistas. El tiempo de procesamiento del pedido es de 24 a 48 horas h\u00e1biles y el tiempo de entrega estimado es de 8 a 15 d\u00edas h\u00e1biles, excluyendo d\u00edas festivos y fines de semana.<\/p>\t\t\t\t\t\t\t\t<\/div>\n\t\t\t\t\t<\/div>\n\t\t\t\t<\/div>\n\t\t<div class=\"elementor-element elementor-element-5af01b3 e-flex e-con-boxed e-con e-parent\" data-id=\"5af01b3\" data-element_type=\"container\" data-e-type=\"container\">\n\t\t\t\t\t<div class=\"e-con-inner\">\n\t\t\t\t<div class=\"elementor-element elementor-element-8144bcf elementor-widget elementor-widget-heading\" data-id=\"8144bcf\" data-element_type=\"widget\" data-e-type=\"widget\" data-widget_type=\"heading.default\">\n\t\t\t\t\t<h2 class=\"elementor-heading-title elementor-size-default\">Modificaciones y cancelaciones:<\/h2>\t\t\t\t<\/div>\n\t\t\t\t\t<\/div>\n\t\t\t\t<\/div>\n\t\t<div class=\"elementor-element elementor-element-ff51672 e-flex e-con-boxed e-con e-parent\" data-id=\"ff51672\" data-element_type=\"container\" data-e-type=\"container\">\n\t\t\t\t\t<div class=\"e-con-inner\">\n\t\t\t\t<div class=\"elementor-element elementor-element-1ffc75a elementor-widget elementor-widget-text-editor\" data-id=\"1ffc75a\" data-element_type=\"widget\" data-e-type=\"widget\" data-widget_type=\"text-editor.default\">\n\t\t\t\t\t\t\t\t\t<p>Si desea cancelar o modificar su pedido, deber\u00e1 notificarnos antes de que se procese.<\/p><p>El cliente es responsable de proporcionar una direcci\u00f3n de env\u00edo v\u00e1lida. Aries Beauty no se responsabiliza de errores en la informaci\u00f3n de entrega que puedan provocar la p\u00e9rdida o extrav\u00edo del paquete.<\/p>\t\t\t\t\t\t\t\t<\/div>\n\t\t\t\t\t<\/div>\n\t\t\t\t<\/div>\n\t\t<div class=\"elementor-element elementor-element-0560319 e-flex e-con-boxed e-con e-parent\" data-id=\"0560319\" data-element_type=\"container\" data-e-type=\"container\">\n\t\t\t\t\t<div class=\"e-con-inner\">\n\t\t\t\t<div class=\"elementor-element elementor-element-f4b09b8 elementor-widget elementor-widget-heading\" data-id=\"f4b09b8\" data-element_type=\"widget\" data-e-type=\"widget\" data-widget_type=\"heading.default\">\n\t\t\t\t\t<h2 class=\"elementor-heading-title elementor-size-default\">Paquetes marcados como entregados:<\/h2>\t\t\t\t<\/div>\n\t\t\t\t<div class=\"elementor-element elementor-element-22f0eea elementor-widget elementor-widget-text-editor\" data-id=\"22f0eea\" data-element_type=\"widget\" data-e-type=\"widget\" data-widget_type=\"text-editor.default\">\n\t\t\t\t\t\t\t\t\t<p class=\"translation-block\">Si la empresa de env\u00edos marca el paquete como \"entregado\" y el cliente no lo ha recibido, o si el paquete se pierde durante el transporte, debe contactarnos por correo electr\u00f3nico a ariesbeauty50@gmail.com.<br>Presentamos la reclamaci\u00f3n correspondiente a la empresa de env\u00edos. Este proceso puede tardar entre 12 y 18 d\u00edas h\u00e1biles.<br>Tenga en cuenta que no se realizan reembolsos en estos casos.<\/p>\t\t\t\t\t\t\t\t<\/div>\n\t\t\t\t\t<\/div>\n\t\t\t\t<\/div>\n\t\t<div class=\"elementor-element elementor-element-28b2220 e-flex e-con-boxed e-con e-parent\" data-id=\"28b2220\" data-element_type=\"container\" data-e-type=\"container\">\n\t\t\t\t\t<div class=\"e-con-inner\">\n\t\t\t\t<div class=\"elementor-element elementor-element-4dfeb46 elementor-widget elementor-widget-heading\" data-id=\"4dfeb46\" data-element_type=\"widget\" data-e-type=\"widget\" data-widget_type=\"heading.default\">\n\t\t\t\t\t<h2 class=\"elementor-heading-title elementor-size-default\">Paquetes marcados como entregados:<\/h2>\t\t\t\t<\/div>\n\t\t\t\t<div class=\"elementor-element elementor-element-af24c7a elementor-widget elementor-widget-text-editor\" data-id=\"af24c7a\" data-element_type=\"widget\" data-e-type=\"widget\" data-widget_type=\"text-editor.default\">\n\t\t\t\t\t\t\t\t\t<p>Si un cliente recibe un producto roto o derramado, debe comunicarse con Aries Beauty el mismo d\u00eda de la entrega enviando un correo electr\u00f3nico a ariesbeauty50@gmail.com, incluyendo:<\/p><ul><li>N\u00famero de orden.<\/li><li>Im\u00e1genes del producto que muestran claramente el da\u00f1o.<br \/>Una vez verificada la situaci\u00f3n se proceder\u00e1 al env\u00edo del producto<\/li><\/ul>\t\t\t\t\t\t\t\t<\/div>\n\t\t\t\t\t<\/div>\n\t\t\t\t<\/div>\n\t\t<div class=\"elementor-element elementor-element-7b73b4c e-flex e-con-boxed e-con e-parent\" data-id=\"7b73b4c\" data-element_type=\"container\" data-e-type=\"container\">\n\t\t\t\t\t<div class=\"e-con-inner\">\n\t\t\t\t<div class=\"elementor-element elementor-element-8d0cf3f elementor-widget elementor-widget-heading\" data-id=\"8d0cf3f\" data-element_type=\"widget\" data-e-type=\"widget\" data-widget_type=\"heading.default\">\n\t\t\t\t\t<h2 class=\"elementor-heading-title elementor-size-default\">Reembolsos:<\/h2>\t\t\t\t<\/div>\n\t\t\t\t<div class=\"elementor-element elementor-element-eb7e7f9 elementor-widget elementor-widget-text-editor\" data-id=\"eb7e7f9\" data-element_type=\"widget\" data-e-type=\"widget\" data-widget_type=\"text-editor.default\">\n\t\t\t\t\t\t\t\t\t<p>Una vez confirmada la compra no se aceptan solicitudes de devoluci\u00f3n por ning\u00fan motivo, salvo en los casos expresamente descritos anteriormente.<\/p>\t\t\t\t\t\t\t\t<\/div>\n\t\t\t\t\t<\/div>\n\t\t\t\t<\/div>\n\t\t\t\t<\/div>","protected":false},"excerpt":{"rendered":"<p>Shipping and Returns Policy Shipping: Aries Beauty ships throughout the United States. Shipping costs are calculated based on the items selected and the recipient&#8217;s mailing address. We use USPS and UPS as delivery carriers.Order processing time is 24 to 48 business hours, and the estimated delivery time is 8 to 15 business days, excluding holidays [&hellip;]<\/p>\n","protected":false},"author":3,"featured_media":0,"parent":0,"menu_order":0,"comment_status":"closed","ping_status":"closed","template":"","meta":{"footnotes":""},"class_list":["post-3296","page","type-page","status-publish","hentry"],"blocksy_meta":[],"jetpack_sharing_enabled":true,"_links":{"self":[{"href":"https:\/\/ariesbeautystore.com\/es\/wp-json\/wp\/v2\/pages\/3296","targetHints":{"allow":["GET"]}}],"collection":[{"href":"https:\/\/ariesbeautystore.com\/es\/wp-json\/wp\/v2\/pages"}],"about":[{"href":"https:\/\/ariesbeautystore.com\/es\/wp-json\/wp\/v2\/types\/page"}],"author":[{"embeddable":true,"href":"https:\/\/ariesbeautystore.com\/es\/wp-json\/wp\/v2\/users\/3"}],"replies":[{"embeddable":true,"href":"https:\/\/ariesbeautystore.com\/es\/wp-json\/wp\/v2\/comments?post=3296"}],"version-history":[{"count":3,"href":"https:\/\/ariesbeautystore.com\/es\/wp-json\/wp\/v2\/pages\/3296\/revisions"}],"predecessor-version":[{"id":3309,"href":"https:\/\/ariesbeautystore.com\/es\/wp-json\/wp\/v2\/pages\/3296\/revisions\/3309"}],"wp:attachment":[{"href":"https:\/\/ariesbeautystore.com\/es\/wp-json\/wp\/v2\/media?parent=3296"}],"curies":[{"name":"wp","href":"https:\/\/api.w.org\/{rel}","templated":true}]}}